{"id":9585,"date":"2025-02-05T09:44:59","date_gmt":"2025-02-05T08:44:59","guid":{"rendered":"https:\/\/www.sams-industrie.fr\/product\/plaquette-transmission-reference-tous\/"},"modified":"2025-02-19T11:47:04","modified_gmt":"2025-02-19T10:47:04","slug":"plaquette-transmission-reference-tous","status":"publish","type":"product","link":"https:\/\/www.sams-industrie.fr\/en\/product\/plaquette-transmission-reference-tous\/","title":{"rendered":"Transmission plate<br> Reference BAA-0313-005"},"content":{"rendered":"","protected":false},"excerpt":{"rendered":"<p>RAPIDEX RAPIDLINE 22<br \/> R\u00e9f\u00e9rence constructeur : BAA-0313-005<br \/> R\u00e9f\u00e9rences \u00e9quivalentes : BAA0313005 \/ MBAA0313005 \/ RAPBAA0313005<\/p>","protected":false},"featured_media":0,"comment_status":"open","ping_status":"closed","template":"","meta":[],"_links":{"self":[{"href":"https:\/\/www.sams-industrie.fr\/en\/wp-json\/wp\/v2\/product\/9585"}],"collection":[{"href":"https:\/\/www.sams-industrie.fr\/en\/wp-json\/wp\/v2\/product"}],"about":[{"href":"https:\/\/www.sams-industrie.fr\/en\/wp-json\/wp\/v2\/types\/product"}],"replies":[{"embeddable":true,"href":"https:\/\/www.sams-industrie.fr\/en\/wp-json\/wp\/v2\/comments?post=9585"}],"wp:attachment":[{"href":"https:\/\/www.sams-industrie.fr\/en\/wp-json\/wp\/v2\/media?parent=9585"}],"curies":[{"name":"wp","href":"https:\/\/api.w.org\/{rel}","templated":true}]}}