{"id":9581,"date":"2025-02-05T09:44:57","date_gmt":"2025-02-05T08:44:57","guid":{"rendered":"https:\/\/www.sams-industrie.fr\/product\/plaquette-reference-tous-4\/"},"modified":"2025-02-19T11:47:01","modified_gmt":"2025-02-19T10:47:01","slug":"plaquette-reference-tous-4","status":"publish","type":"product","link":"https:\/\/www.sams-industrie.fr\/en\/product\/plaquette-reference-tous-4\/","title":{"rendered":"Leaflet<br> Reference BAA-0313-010"},"content":{"rendered":"","protected":false},"excerpt":{"rendered":"<p>RAPIDEX RAPIDLINE 22<br \/> R\u00e9f\u00e9rence constructeur : BAA-0313-010<br \/> R\u00e9f\u00e9rences \u00e9quivalentes : BAA0313010 \/ MBAA0313010 \/ RAPBAA0313010<\/p>","protected":false},"featured_media":0,"comment_status":"open","ping_status":"closed","template":"","meta":[],"_links":{"self":[{"href":"https:\/\/www.sams-industrie.fr\/en\/wp-json\/wp\/v2\/product\/9581"}],"collection":[{"href":"https:\/\/www.sams-industrie.fr\/en\/wp-json\/wp\/v2\/product"}],"about":[{"href":"https:\/\/www.sams-industrie.fr\/en\/wp-json\/wp\/v2\/types\/product"}],"replies":[{"embeddable":true,"href":"https:\/\/www.sams-industrie.fr\/en\/wp-json\/wp\/v2\/comments?post=9581"}],"wp:attachment":[{"href":"https:\/\/www.sams-industrie.fr\/en\/wp-json\/wp\/v2\/media?parent=9581"}],"curies":[{"name":"wp","href":"https:\/\/api.w.org\/{rel}","templated":true}]}}