{"id":9580,"date":"2025-02-05T09:44:54","date_gmt":"2025-02-05T08:44:54","guid":{"rendered":"https:\/\/www.sams-industrie.fr\/product\/joint-a-galets-entree-reference-tous\/"},"modified":"2025-02-19T11:47:00","modified_gmt":"2025-02-19T10:47:00","slug":"joint-a-galets-entree-reference-tous","status":"publish","type":"product","link":"https:\/\/www.sams-industrie.fr\/en\/product\/joint-a-galets-entree-reference-tous\/","title":{"rendered":"Inlet roller seal<br> Reference BAA-0313-009"},"content":{"rendered":"","protected":false},"excerpt":{"rendered":"<p>RAPIDEX RAPIDLINE 22<br \/> R\u00e9f\u00e9rence constructeur : BAA-0313-009<br \/> R\u00e9f\u00e9rences \u00e9quivalentes : BAA0313009 \/ MBAA0313009 \/ RAPBAA0313009<\/p>","protected":false},"featured_media":0,"comment_status":"open","ping_status":"closed","template":"","meta":[],"_links":{"self":[{"href":"https:\/\/www.sams-industrie.fr\/en\/wp-json\/wp\/v2\/product\/9580"}],"collection":[{"href":"https:\/\/www.sams-industrie.fr\/en\/wp-json\/wp\/v2\/product"}],"about":[{"href":"https:\/\/www.sams-industrie.fr\/en\/wp-json\/wp\/v2\/types\/product"}],"replies":[{"embeddable":true,"href":"https:\/\/www.sams-industrie.fr\/en\/wp-json\/wp\/v2\/comments?post=9580"}],"wp:attachment":[{"href":"https:\/\/www.sams-industrie.fr\/en\/wp-json\/wp\/v2\/media?parent=9580"}],"curies":[{"name":"wp","href":"https:\/\/api.w.org\/{rel}","templated":true}]}}