{"id":9579,"date":"2025-02-05T09:44:54","date_gmt":"2025-02-05T08:44:54","guid":{"rendered":"https:\/\/www.sams-industrie.fr\/product\/moyeu-prise-de-mouvement-sortie-reference-tous\/"},"modified":"2025-02-19T11:46:59","modified_gmt":"2025-02-19T10:46:59","slug":"moyeu-prise-de-mouvement-sortie-reference-tous","status":"publish","type":"product","link":"https:\/\/www.sams-industrie.fr\/en\/product\/moyeu-prise-de-mouvement-sortie-reference-tous\/","title":{"rendered":"Power take-off hub output<br> Reference BAA-0313-008"},"content":{"rendered":"","protected":false},"excerpt":{"rendered":"<p>RAPIDEX RAPIDLINE 22<br \/> R\u00e9f\u00e9rence constructeur : BAA-0313-008<br \/> R\u00e9f\u00e9rences \u00e9quivalentes : BAA0313008 \/ MBAA0313008 \/ RAPBAA0313008<\/p>","protected":false},"featured_media":0,"comment_status":"open","ping_status":"closed","template":"","meta":[],"_links":{"self":[{"href":"https:\/\/www.sams-industrie.fr\/en\/wp-json\/wp\/v2\/product\/9579"}],"collection":[{"href":"https:\/\/www.sams-industrie.fr\/en\/wp-json\/wp\/v2\/product"}],"about":[{"href":"https:\/\/www.sams-industrie.fr\/en\/wp-json\/wp\/v2\/types\/product"}],"replies":[{"embeddable":true,"href":"https:\/\/www.sams-industrie.fr\/en\/wp-json\/wp\/v2\/comments?post=9579"}],"wp:attachment":[{"href":"https:\/\/www.sams-industrie.fr\/en\/wp-json\/wp\/v2\/media?parent=9579"}],"curies":[{"name":"wp","href":"https:\/\/api.w.org\/{rel}","templated":true}]}}