{"id":9569,"date":"2025-02-05T09:44:48","date_gmt":"2025-02-05T08:44:48","guid":{"rendered":"https:\/\/www.sams-industrie.fr\/product\/plaquette-reference-tous\/"},"modified":"2025-02-19T11:46:51","modified_gmt":"2025-02-19T10:46:51","slug":"plaquette-reference-tous","status":"publish","type":"product","link":"https:\/\/www.sams-industrie.fr\/en\/product\/plaquette-reference-tous\/","title":{"rendered":"Leaflet<br> Reference 800-313-021"},"content":{"rendered":"","protected":false},"excerpt":{"rendered":"<p>RAPIDEX RAPIDLINE 22<br \/> R\u00e9f\u00e9rence constructeur : 800-313-021<br \/> R\u00e9f\u00e9rences \u00e9quivalentes : 800313021 \/ M800313021 \/ RAP800313021<\/p>","protected":false},"featured_media":0,"comment_status":"open","ping_status":"closed","template":"","meta":[],"_links":{"self":[{"href":"https:\/\/www.sams-industrie.fr\/en\/wp-json\/wp\/v2\/product\/9569"}],"collection":[{"href":"https:\/\/www.sams-industrie.fr\/en\/wp-json\/wp\/v2\/product"}],"about":[{"href":"https:\/\/www.sams-industrie.fr\/en\/wp-json\/wp\/v2\/types\/product"}],"replies":[{"embeddable":true,"href":"https:\/\/www.sams-industrie.fr\/en\/wp-json\/wp\/v2\/comments?post=9569"}],"wp:attachment":[{"href":"https:\/\/www.sams-industrie.fr\/en\/wp-json\/wp\/v2\/media?parent=9569"}],"curies":[{"name":"wp","href":"https:\/\/api.w.org\/{rel}","templated":true}]}}