{"id":9568,"date":"2025-02-05T09:44:47","date_gmt":"2025-02-05T08:44:47","guid":{"rendered":"https:\/\/www.sams-industrie.fr\/product\/carter-chaine-evacuation-dechets-reference-tous\/"},"modified":"2025-02-19T11:46:50","modified_gmt":"2025-02-19T10:46:50","slug":"carter-chaine-evacuation-dechets-reference-tous","status":"publish","type":"product","link":"https:\/\/www.sams-industrie.fr\/en\/product\/carter-chaine-evacuation-dechets-reference-tous\/","title":{"rendered":"Waste evacuation chain guard<br> Reference 800-323-018"},"content":{"rendered":"","protected":false},"excerpt":{"rendered":"<p>RAPIDEX RAPIDLINE 22<br \/> R\u00e9f\u00e9rence constructeur : 800-323-018<br \/> R\u00e9f\u00e9rences \u00e9quivalentes : 800323018 \/ M800323018 \/ RAP800323018<\/p>","protected":false},"featured_media":0,"comment_status":"open","ping_status":"closed","template":"","meta":[],"_links":{"self":[{"href":"https:\/\/www.sams-industrie.fr\/en\/wp-json\/wp\/v2\/product\/9568"}],"collection":[{"href":"https:\/\/www.sams-industrie.fr\/en\/wp-json\/wp\/v2\/product"}],"about":[{"href":"https:\/\/www.sams-industrie.fr\/en\/wp-json\/wp\/v2\/types\/product"}],"replies":[{"embeddable":true,"href":"https:\/\/www.sams-industrie.fr\/en\/wp-json\/wp\/v2\/comments?post=9568"}],"wp:attachment":[{"href":"https:\/\/www.sams-industrie.fr\/en\/wp-json\/wp\/v2\/media?parent=9568"}],"curies":[{"name":"wp","href":"https:\/\/api.w.org\/{rel}","templated":true}]}}