{"id":9567,"date":"2025-02-05T09:44:47","date_gmt":"2025-02-05T08:44:47","guid":{"rendered":"https:\/\/www.sams-industrie.fr\/product\/contrepartie-refoulage-bombee-reference-tous-2\/"},"modified":"2025-02-19T11:46:48","modified_gmt":"2025-02-19T10:46:48","slug":"contrepartie-refoulage-bombee-reference-tous-2","status":"publish","type":"product","link":"https:\/\/www.sams-industrie.fr\/en\/product\/contrepartie-refoulage-bombee-reference-tous-2\/","title":{"rendered":"Curved upsetting counterpart<br> Reference BAA-0304-002"},"content":{"rendered":"","protected":false},"excerpt":{"rendered":"<p>RAPIDEX RAPIDLINE 22<br \/> R\u00e9f\u00e9rence constructeur : BAA-0304-002<br \/> R\u00e9f\u00e9rences \u00e9quivalentes : BAA0304002 \/ MBAA0304002 \/ RAPBAA0304002<\/p>","protected":false},"featured_media":0,"comment_status":"open","ping_status":"closed","template":"","meta":[],"_links":{"self":[{"href":"https:\/\/www.sams-industrie.fr\/en\/wp-json\/wp\/v2\/product\/9567"}],"collection":[{"href":"https:\/\/www.sams-industrie.fr\/en\/wp-json\/wp\/v2\/product"}],"about":[{"href":"https:\/\/www.sams-industrie.fr\/en\/wp-json\/wp\/v2\/types\/product"}],"replies":[{"embeddable":true,"href":"https:\/\/www.sams-industrie.fr\/en\/wp-json\/wp\/v2\/comments?post=9567"}],"wp:attachment":[{"href":"https:\/\/www.sams-industrie.fr\/en\/wp-json\/wp\/v2\/media?parent=9567"}],"curies":[{"name":"wp","href":"https:\/\/api.w.org\/{rel}","templated":true}]}}