{"id":9563,"date":"2025-02-05T09:44:44","date_gmt":"2025-02-05T08:44:44","guid":{"rendered":"https:\/\/www.sams-industrie.fr\/product\/goujon-de-bridage-reference-tous\/"},"modified":"2025-02-19T11:46:45","modified_gmt":"2025-02-19T10:46:45","slug":"goujon-de-bridage-reference-tous","status":"publish","type":"product","link":"https:\/\/www.sams-industrie.fr\/en\/product\/goujon-de-bridage-reference-tous\/","title":{"rendered":"Clamping stud<br> Reference 800-303-010"},"content":{"rendered":"","protected":false},"excerpt":{"rendered":"<p>RAPIDEX RAPIDLINE 22<br \/> R\u00e9f\u00e9rence constructeur : 800-303-010<br \/> R\u00e9f\u00e9rences \u00e9quivalentes : 800303010 \/ M800303010 \/ RAP800303010<\/p>","protected":false},"featured_media":0,"comment_status":"open","ping_status":"closed","template":"","meta":[],"_links":{"self":[{"href":"https:\/\/www.sams-industrie.fr\/en\/wp-json\/wp\/v2\/product\/9563"}],"collection":[{"href":"https:\/\/www.sams-industrie.fr\/en\/wp-json\/wp\/v2\/product"}],"about":[{"href":"https:\/\/www.sams-industrie.fr\/en\/wp-json\/wp\/v2\/types\/product"}],"replies":[{"embeddable":true,"href":"https:\/\/www.sams-industrie.fr\/en\/wp-json\/wp\/v2\/comments?post=9563"}],"wp:attachment":[{"href":"https:\/\/www.sams-industrie.fr\/en\/wp-json\/wp\/v2\/media?parent=9563"}],"curies":[{"name":"wp","href":"https:\/\/api.w.org\/{rel}","templated":true}]}}