{"id":9560,"date":"2025-02-05T09:44:43","date_gmt":"2025-02-05T08:44:43","guid":{"rendered":"https:\/\/www.sams-industrie.fr\/product\/manchon-entraineur-caoutchoute-reference-tous\/"},"modified":"2025-02-19T11:46:43","modified_gmt":"2025-02-19T10:46:43","slug":"manchon-entraineur-caoutchoute-reference-tous","status":"publish","type":"product","link":"https:\/\/www.sams-industrie.fr\/en\/product\/manchon-entraineur-caoutchoute-reference-tous\/","title":{"rendered":"Rubberized trainer sleeve<br> Reference 800-103-103"},"content":{"rendered":"","protected":false},"excerpt":{"rendered":"<p>RAPIDEX RAPIDLINE 22<br \/> R\u00e9f\u00e9rence constructeur : 800-103-103<br \/> R\u00e9f\u00e9rences \u00e9quivalentes : 800103103 \/ M800103103 \/ RAP800103103<\/p>","protected":false},"featured_media":0,"comment_status":"open","ping_status":"closed","template":"","meta":[],"_links":{"self":[{"href":"https:\/\/www.sams-industrie.fr\/en\/wp-json\/wp\/v2\/product\/9560"}],"collection":[{"href":"https:\/\/www.sams-industrie.fr\/en\/wp-json\/wp\/v2\/product"}],"about":[{"href":"https:\/\/www.sams-industrie.fr\/en\/wp-json\/wp\/v2\/types\/product"}],"replies":[{"embeddable":true,"href":"https:\/\/www.sams-industrie.fr\/en\/wp-json\/wp\/v2\/comments?post=9560"}],"wp:attachment":[{"href":"https:\/\/www.sams-industrie.fr\/en\/wp-json\/wp\/v2\/media?parent=9560"}],"curies":[{"name":"wp","href":"https:\/\/api.w.org\/{rel}","templated":true}]}}