{"id":9558,"date":"2025-02-05T09:44:42","date_gmt":"2025-02-05T08:44:42","guid":{"rendered":"https:\/\/www.sams-industrie.fr\/product\/clavette-pour-bague-de-bridage-quick-lock-reference-tous\/"},"modified":"2025-02-19T11:46:41","modified_gmt":"2025-02-19T10:46:41","slug":"clavette-pour-bague-de-bridage-quick-lock-reference-tous","status":"publish","type":"product","link":"https:\/\/www.sams-industrie.fr\/en\/product\/clavette-pour-bague-de-bridage-quick-lock-reference-tous\/","title":{"rendered":"Key for quick-lock clamping ring<br> Reference 800-104-009"},"content":{"rendered":"","protected":false},"excerpt":{"rendered":"<p>RAPIDEX RAPIDLINE 22<br \/> R\u00e9f\u00e9rence constructeur : 800-104-009<br \/> R\u00e9f\u00e9rences \u00e9quivalentes : 800104009 \/ M800104009 \/ RAP800104009<\/p>","protected":false},"featured_media":0,"comment_status":"open","ping_status":"closed","template":"","meta":[],"_links":{"self":[{"href":"https:\/\/www.sams-industrie.fr\/en\/wp-json\/wp\/v2\/product\/9558"}],"collection":[{"href":"https:\/\/www.sams-industrie.fr\/en\/wp-json\/wp\/v2\/product"}],"about":[{"href":"https:\/\/www.sams-industrie.fr\/en\/wp-json\/wp\/v2\/types\/product"}],"replies":[{"embeddable":true,"href":"https:\/\/www.sams-industrie.fr\/en\/wp-json\/wp\/v2\/comments?post=9558"}],"wp:attachment":[{"href":"https:\/\/www.sams-industrie.fr\/en\/wp-json\/wp\/v2\/media?parent=9558"}],"curies":[{"name":"wp","href":"https:\/\/api.w.org\/{rel}","templated":true}]}}