{"id":9552,"date":"2025-02-05T09:44:38","date_gmt":"2025-02-05T08:44:38","guid":{"rendered":"https:\/\/www.sams-industrie.fr\/product\/roue-suiveuse-monobloc-reference-tous\/"},"modified":"2025-02-19T11:46:37","modified_gmt":"2025-02-19T10:46:37","slug":"roue-suiveuse-monobloc-reference-tous","status":"publish","type":"product","link":"https:\/\/www.sams-industrie.fr\/en\/product\/roue-suiveuse-monobloc-reference-tous\/","title":{"rendered":"Single-piece follower wheel<br> Reference 800-101-101"},"content":{"rendered":"","protected":false},"excerpt":{"rendered":"<p>RAPIDEX RAPIDLINE 22<br \/> R\u00e9f\u00e9rence constructeur : 800-101-101<br \/> R\u00e9f\u00e9rences \u00e9quivalentes : 800101101 \/ M800101101 \/ RAP800101101<\/p>","protected":false},"featured_media":0,"comment_status":"open","ping_status":"closed","template":"","meta":[],"_links":{"self":[{"href":"https:\/\/www.sams-industrie.fr\/en\/wp-json\/wp\/v2\/product\/9552"}],"collection":[{"href":"https:\/\/www.sams-industrie.fr\/en\/wp-json\/wp\/v2\/product"}],"about":[{"href":"https:\/\/www.sams-industrie.fr\/en\/wp-json\/wp\/v2\/types\/product"}],"replies":[{"embeddable":true,"href":"https:\/\/www.sams-industrie.fr\/en\/wp-json\/wp\/v2\/comments?post=9552"}],"wp:attachment":[{"href":"https:\/\/www.sams-industrie.fr\/en\/wp-json\/wp\/v2\/media?parent=9552"}],"curies":[{"name":"wp","href":"https:\/\/api.w.org\/{rel}","templated":true}]}}