{"id":9551,"date":"2025-02-05T09:44:37","date_gmt":"2025-02-05T08:44:37","guid":{"rendered":"https:\/\/www.sams-industrie.fr\/product\/roue-arriere-gauche-reference-tous\/"},"modified":"2025-02-19T11:46:36","modified_gmt":"2025-02-19T10:46:36","slug":"roue-arriere-gauche-reference-tous","status":"publish","type":"product","link":"https:\/\/www.sams-industrie.fr\/en\/product\/roue-arriere-gauche-reference-tous\/","title":{"rendered":"Left rear wheel<br> Reference 800-101-019"},"content":{"rendered":"","protected":false},"excerpt":{"rendered":"<p>RAPIDEX RAPIDLINE 22<br \/> R\u00e9f\u00e9rence constructeur : 800-101-019<br \/> R\u00e9f\u00e9rences \u00e9quivalentes : 800101019 \/ M800101019 \/ RAP800101019<\/p>","protected":false},"featured_media":0,"comment_status":"open","ping_status":"closed","template":"","meta":[],"_links":{"self":[{"href":"https:\/\/www.sams-industrie.fr\/en\/wp-json\/wp\/v2\/product\/9551"}],"collection":[{"href":"https:\/\/www.sams-industrie.fr\/en\/wp-json\/wp\/v2\/product"}],"about":[{"href":"https:\/\/www.sams-industrie.fr\/en\/wp-json\/wp\/v2\/types\/product"}],"replies":[{"embeddable":true,"href":"https:\/\/www.sams-industrie.fr\/en\/wp-json\/wp\/v2\/comments?post=9551"}],"wp:attachment":[{"href":"https:\/\/www.sams-industrie.fr\/en\/wp-json\/wp\/v2\/media?parent=9551"}],"curies":[{"name":"wp","href":"https:\/\/api.w.org\/{rel}","templated":true}]}}