{"id":9546,"date":"2025-02-05T09:44:33","date_gmt":"2025-02-05T08:44:33","guid":{"rendered":"https:\/\/www.sams-industrie.fr\/product\/roue-motrice-reference-tous\/"},"modified":"2025-02-19T11:46:32","modified_gmt":"2025-02-19T10:46:32","slug":"roue-motrice-reference-tous","status":"publish","type":"product","link":"https:\/\/www.sams-industrie.fr\/en\/product\/roue-motrice-reference-tous\/","title":{"rendered":"Drive wheel<br> Reference 800-101-011"},"content":{"rendered":"","protected":false},"excerpt":{"rendered":"<p>RAPIDEX RAPIDLINE 22<br \/> R\u00e9f\u00e9rence constructeur : 800-101-011<br \/> R\u00e9f\u00e9rences \u00e9quivalentes : 800101011 \/ M800101011 \/ RAP800101011<\/p>","protected":false},"featured_media":0,"comment_status":"open","ping_status":"closed","template":"","meta":[],"_links":{"self":[{"href":"https:\/\/www.sams-industrie.fr\/en\/wp-json\/wp\/v2\/product\/9546"}],"collection":[{"href":"https:\/\/www.sams-industrie.fr\/en\/wp-json\/wp\/v2\/product"}],"about":[{"href":"https:\/\/www.sams-industrie.fr\/en\/wp-json\/wp\/v2\/types\/product"}],"replies":[{"embeddable":true,"href":"https:\/\/www.sams-industrie.fr\/en\/wp-json\/wp\/v2\/comments?post=9546"}],"wp:attachment":[{"href":"https:\/\/www.sams-industrie.fr\/en\/wp-json\/wp\/v2\/media?parent=9546"}],"curies":[{"name":"wp","href":"https:\/\/api.w.org\/{rel}","templated":true}]}}