{"id":9545,"date":"2025-02-05T09:44:32","date_gmt":"2025-02-05T08:44:32","guid":{"rendered":"https:\/\/www.sams-industrie.fr\/product\/roue-avant-gauche-reference-tous\/"},"modified":"2025-02-19T11:46:32","modified_gmt":"2025-02-19T10:46:32","slug":"roue-avant-gauche-reference-tous","status":"publish","type":"product","link":"https:\/\/www.sams-industrie.fr\/en\/product\/roue-avant-gauche-reference-tous\/","title":{"rendered":"Left front wheel<br> Reference 800-101-008"},"content":{"rendered":"","protected":false},"excerpt":{"rendered":"<p>RAPIDEX RAPIDLINE 22<br \/> R\u00e9f\u00e9rence constructeur : 800-101-008<br \/> R\u00e9f\u00e9rences \u00e9quivalentes : 800101008 \/ M800101008 \/ RAP800101008<\/p>","protected":false},"featured_media":0,"comment_status":"open","ping_status":"closed","template":"","meta":[],"_links":{"self":[{"href":"https:\/\/www.sams-industrie.fr\/en\/wp-json\/wp\/v2\/product\/9545"}],"collection":[{"href":"https:\/\/www.sams-industrie.fr\/en\/wp-json\/wp\/v2\/product"}],"about":[{"href":"https:\/\/www.sams-industrie.fr\/en\/wp-json\/wp\/v2\/types\/product"}],"replies":[{"embeddable":true,"href":"https:\/\/www.sams-industrie.fr\/en\/wp-json\/wp\/v2\/comments?post=9545"}],"wp:attachment":[{"href":"https:\/\/www.sams-industrie.fr\/en\/wp-json\/wp\/v2\/media?parent=9545"}],"curies":[{"name":"wp","href":"https:\/\/api.w.org\/{rel}","templated":true}]}}