{"id":9541,"date":"2025-02-05T09:44:30","date_gmt":"2025-02-05T08:44:30","guid":{"rendered":"https:\/\/www.sams-industrie.fr\/product\/joue-de-roue-motrice-reference-tous-2\/"},"modified":"2025-02-19T11:46:27","modified_gmt":"2025-02-19T10:46:27","slug":"joue-de-roue-motrice-reference-tous-2","status":"publish","type":"product","link":"https:\/\/www.sams-industrie.fr\/en\/product\/joue-de-roue-motrice-reference-tous-2\/","title":{"rendered":"Drive wheel cheek<br> Reference 800-101-013"},"content":{"rendered":"","protected":false},"excerpt":{"rendered":"<p>RAPIDEX RAPIDLINE 22<br \/> R\u00e9f\u00e9rence constructeur : 800-101-013<br \/> R\u00e9f\u00e9rences \u00e9quivalentes : 800101013 \/ M800101013 \/ RAP800101013<\/p>","protected":false},"featured_media":0,"comment_status":"open","ping_status":"closed","template":"","meta":[],"_links":{"self":[{"href":"https:\/\/www.sams-industrie.fr\/en\/wp-json\/wp\/v2\/product\/9541"}],"collection":[{"href":"https:\/\/www.sams-industrie.fr\/en\/wp-json\/wp\/v2\/product"}],"about":[{"href":"https:\/\/www.sams-industrie.fr\/en\/wp-json\/wp\/v2\/types\/product"}],"replies":[{"embeddable":true,"href":"https:\/\/www.sams-industrie.fr\/en\/wp-json\/wp\/v2\/comments?post=9541"}],"wp:attachment":[{"href":"https:\/\/www.sams-industrie.fr\/en\/wp-json\/wp\/v2\/media?parent=9541"}],"curies":[{"name":"wp","href":"https:\/\/api.w.org\/{rel}","templated":true}]}}