{"id":9536,"date":"2025-02-05T09:44:27","date_gmt":"2025-02-05T08:44:27","guid":{"rendered":"https:\/\/www.sams-industrie.fr\/product\/support-batteur-lateral-reference-empileur\/"},"modified":"2025-02-19T11:46:24","modified_gmt":"2025-02-19T10:46:24","slug":"support-batteur-lateral-reference-empileur","status":"publish","type":"product","link":"https:\/\/www.sams-industrie.fr\/en\/product\/support-batteur-lateral-reference-empileur\/","title":{"rendered":"Side beater support<br> Reference DK-007-113"},"content":{"rendered":"","protected":false},"excerpt":{"rendered":"<p>RAPIDEX RAPIDLINE 22<br \/> R\u00e9f\u00e9rence constructeur : DK-007-113<br \/> R\u00e9f\u00e9rences \u00e9quivalentes : DK007113 \/ MDK007113 \/ RAPDK007113<\/p>","protected":false},"featured_media":0,"comment_status":"open","ping_status":"closed","template":"","meta":[],"_links":{"self":[{"href":"https:\/\/www.sams-industrie.fr\/en\/wp-json\/wp\/v2\/product\/9536"}],"collection":[{"href":"https:\/\/www.sams-industrie.fr\/en\/wp-json\/wp\/v2\/product"}],"about":[{"href":"https:\/\/www.sams-industrie.fr\/en\/wp-json\/wp\/v2\/types\/product"}],"replies":[{"embeddable":true,"href":"https:\/\/www.sams-industrie.fr\/en\/wp-json\/wp\/v2\/comments?post=9536"}],"wp:attachment":[{"href":"https:\/\/www.sams-industrie.fr\/en\/wp-json\/wp\/v2\/media?parent=9536"}],"curies":[{"name":"wp","href":"https:\/\/api.w.org\/{rel}","templated":true}]}}