{"id":9534,"date":"2025-02-05T09:44:26","date_gmt":"2025-02-05T08:44:26","guid":{"rendered":"https:\/\/www.sams-industrie.fr\/product\/tube-de-butee-reference-empileur\/"},"modified":"2025-02-19T11:46:23","modified_gmt":"2025-02-19T10:46:23","slug":"tube-de-butee-reference-empileur","status":"publish","type":"product","link":"https:\/\/www.sams-industrie.fr\/en\/product\/tube-de-butee-reference-empileur\/","title":{"rendered":"Stop tube<br> Reference DK-002-075"},"content":{"rendered":"","protected":false},"excerpt":{"rendered":"<p>RAPIDEX RAPIDLINE 22<br \/> R\u00e9f\u00e9rence constructeur : DK-002-075<br \/> R\u00e9f\u00e9rences \u00e9quivalentes : DK002075 \/ MDK002075 \/ RAPDK002075<\/p>","protected":false},"featured_media":0,"comment_status":"open","ping_status":"closed","template":"","meta":[],"_links":{"self":[{"href":"https:\/\/www.sams-industrie.fr\/en\/wp-json\/wp\/v2\/product\/9534"}],"collection":[{"href":"https:\/\/www.sams-industrie.fr\/en\/wp-json\/wp\/v2\/product"}],"about":[{"href":"https:\/\/www.sams-industrie.fr\/en\/wp-json\/wp\/v2\/types\/product"}],"replies":[{"embeddable":true,"href":"https:\/\/www.sams-industrie.fr\/en\/wp-json\/wp\/v2\/comments?post=9534"}],"wp:attachment":[{"href":"https:\/\/www.sams-industrie.fr\/en\/wp-json\/wp\/v2\/media?parent=9534"}],"curies":[{"name":"wp","href":"https:\/\/api.w.org\/{rel}","templated":true}]}}