{"id":9533,"date":"2025-02-05T09:44:25","date_gmt":"2025-02-05T08:44:25","guid":{"rendered":"https:\/\/www.sams-industrie.fr\/product\/ressort-levier-reference-equerrage\/"},"modified":"2025-07-03T15:17:39","modified_gmt":"2025-07-03T13:17:39","slug":"ressort-levier-reference-equerrage","status":"publish","type":"product","link":"https:\/\/www.sams-industrie.fr\/en\/product\/ressort-levier-reference-equerrage\/","title":{"rendered":"Lever Spring<br> Reference 3007-4-052"},"content":{"rendered":"","protected":false},"excerpt":{"rendered":"<p>RAPIDEX RAPIDLINE 22<br \/>\nR\u00e9f\u00e9rence constructeur : 3007-4-052<br \/>\nR\u00e9f\u00e9rences \u00e9quivalentes : 300704052 \/ M300704052 \/ RAP300704052<\/p>","protected":false},"featured_media":11409,"comment_status":"open","ping_status":"closed","template":"","meta":[],"_links":{"self":[{"href":"https:\/\/www.sams-industrie.fr\/en\/wp-json\/wp\/v2\/product\/9533"}],"collection":[{"href":"https:\/\/www.sams-industrie.fr\/en\/wp-json\/wp\/v2\/product"}],"about":[{"href":"https:\/\/www.sams-industrie.fr\/en\/wp-json\/wp\/v2\/types\/product"}],"replies":[{"embeddable":true,"href":"https:\/\/www.sams-industrie.fr\/en\/wp-json\/wp\/v2\/comments?post=9533"}],"wp:featuredmedia":[{"embeddable":true,"href":"https:\/\/www.sams-industrie.fr\/en\/wp-json\/wp\/v2\/media\/11409"}],"wp:attachment":[{"href":"https:\/\/www.sams-industrie.fr\/en\/wp-json\/wp\/v2\/media?parent=9533"}],"curies":[{"name":"wp","href":"https:\/\/api.w.org\/{rel}","templated":true}]}}