{"id":9530,"date":"2025-02-05T09:44:23","date_gmt":"2025-02-05T08:44:23","guid":{"rendered":"https:\/\/www.sams-industrie.fr\/product\/axe-inferieur-reference-equerrage\/"},"modified":"2025-02-19T11:46:20","modified_gmt":"2025-02-19T10:46:20","slug":"axe-inferieur-reference-equerrage","status":"publish","type":"product","link":"https:\/\/www.sams-industrie.fr\/en\/product\/axe-inferieur-reference-equerrage\/","title":{"rendered":"Lower axis<br> Reference WA-145-025"},"content":{"rendered":"","protected":false},"excerpt":{"rendered":"<p>RAPIDEX RAPIDLINE 22<br \/> R\u00e9f\u00e9rence constructeur : WA-145-025<br \/> R\u00e9f\u00e9rences \u00e9quivalentes : WA145025 \/ MWA145025 \/ RAPWA145025<\/p>","protected":false},"featured_media":0,"comment_status":"open","ping_status":"closed","template":"","meta":[],"_links":{"self":[{"href":"https:\/\/www.sams-industrie.fr\/en\/wp-json\/wp\/v2\/product\/9530"}],"collection":[{"href":"https:\/\/www.sams-industrie.fr\/en\/wp-json\/wp\/v2\/product"}],"about":[{"href":"https:\/\/www.sams-industrie.fr\/en\/wp-json\/wp\/v2\/types\/product"}],"replies":[{"embeddable":true,"href":"https:\/\/www.sams-industrie.fr\/en\/wp-json\/wp\/v2\/comments?post=9530"}],"wp:attachment":[{"href":"https:\/\/www.sams-industrie.fr\/en\/wp-json\/wp\/v2\/media?parent=9530"}],"curies":[{"name":"wp","href":"https:\/\/api.w.org\/{rel}","templated":true}]}}