{"id":9527,"date":"2025-02-05T09:44:22","date_gmt":"2025-02-05T08:44:22","guid":{"rendered":"https:\/\/www.sams-industrie.fr\/product\/taquet-lateral-gauche-monte-reference-equerrage\/"},"modified":"2025-02-19T11:46:18","modified_gmt":"2025-02-19T10:46:18","slug":"taquet-lateral-gauche-monte-reference-equerrage","status":"publish","type":"product","link":"https:\/\/www.sams-industrie.fr\/en\/product\/taquet-lateral-gauche-monte-reference-equerrage\/","title":{"rendered":"Left side cleat mounted<br> Reference SWA-145-036"},"content":{"rendered":"","protected":false},"excerpt":{"rendered":"<p>RAPIDEX RAPIDLINE 22<br \/> R\u00e9f\u00e9rence constructeur : SWA-145-036<br \/> R\u00e9f\u00e9rences \u00e9quivalentes : SWA145036 \/ SWA145036 \/ SWA145036<\/p>","protected":false},"featured_media":0,"comment_status":"open","ping_status":"closed","template":"","meta":[],"_links":{"self":[{"href":"https:\/\/www.sams-industrie.fr\/en\/wp-json\/wp\/v2\/product\/9527"}],"collection":[{"href":"https:\/\/www.sams-industrie.fr\/en\/wp-json\/wp\/v2\/product"}],"about":[{"href":"https:\/\/www.sams-industrie.fr\/en\/wp-json\/wp\/v2\/types\/product"}],"replies":[{"embeddable":true,"href":"https:\/\/www.sams-industrie.fr\/en\/wp-json\/wp\/v2\/comments?post=9527"}],"wp:attachment":[{"href":"https:\/\/www.sams-industrie.fr\/en\/wp-json\/wp\/v2\/media?parent=9527"}],"curies":[{"name":"wp","href":"https:\/\/api.w.org\/{rel}","templated":true}]}}