{"id":9525,"date":"2025-02-05T09:44:21","date_gmt":"2025-02-05T08:44:21","guid":{"rendered":"https:\/\/www.sams-industrie.fr\/product\/patin-de-poussee-taquet-central-reference-equerrage-2\/"},"modified":"2025-07-03T15:14:57","modified_gmt":"2025-07-03T13:14:57","slug":"patin-de-poussee-taquet-central-reference-equerrage-2","status":"publish","type":"product","link":"https:\/\/www.sams-industrie.fr\/en\/product\/patin-de-poussee-taquet-central-reference-equerrage-2\/","title":{"rendered":"Central cleat push pad<br> Reference WA-126-019"},"content":{"rendered":"","protected":false},"excerpt":{"rendered":"<p>RAPIDEX RAPIDLINE 22<br \/>\nR\u00e9f\u00e9rence constructeur : WA-126-019<br \/>\nR\u00e9f\u00e9rences \u00e9quivalentes : WA126019 \/ MWA126019 \/ RAPWA126019<\/p>","protected":false},"featured_media":11404,"comment_status":"open","ping_status":"closed","template":"","meta":[],"_links":{"self":[{"href":"https:\/\/www.sams-industrie.fr\/en\/wp-json\/wp\/v2\/product\/9525"}],"collection":[{"href":"https:\/\/www.sams-industrie.fr\/en\/wp-json\/wp\/v2\/product"}],"about":[{"href":"https:\/\/www.sams-industrie.fr\/en\/wp-json\/wp\/v2\/types\/product"}],"replies":[{"embeddable":true,"href":"https:\/\/www.sams-industrie.fr\/en\/wp-json\/wp\/v2\/comments?post=9525"}],"wp:featuredmedia":[{"embeddable":true,"href":"https:\/\/www.sams-industrie.fr\/en\/wp-json\/wp\/v2\/media\/11404"}],"wp:attachment":[{"href":"https:\/\/www.sams-industrie.fr\/en\/wp-json\/wp\/v2\/media?parent=9525"}],"curies":[{"name":"wp","href":"https:\/\/api.w.org\/{rel}","templated":true}]}}