{"id":9524,"date":"2025-02-05T09:44:20","date_gmt":"2025-02-05T08:44:20","guid":{"rendered":"https:\/\/www.sams-industrie.fr\/product\/patin-de-friction-taquet-central-reference-equerrage-2\/"},"modified":"2025-07-03T15:13:58","modified_gmt":"2025-07-03T13:13:58","slug":"patin-de-friction-taquet-central-reference-equerrage-2","status":"publish","type":"product","link":"https:\/\/www.sams-industrie.fr\/en\/product\/patin-de-friction-taquet-central-reference-equerrage-2\/","title":{"rendered":"Central cleat friction pad<br> Reference WA-126-020"},"content":{"rendered":"","protected":false},"excerpt":{"rendered":"<p>RAPIDEX RAPIDLINE 22<br \/>\nR\u00e9f\u00e9rence constructeur : WA-126-020<br \/>\nR\u00e9f\u00e9rences \u00e9quivalentes : WA126020 \/ MWA126020 \/ RAPWA126020<\/p>","protected":false},"featured_media":11402,"comment_status":"open","ping_status":"closed","template":"","meta":[],"_links":{"self":[{"href":"https:\/\/www.sams-industrie.fr\/en\/wp-json\/wp\/v2\/product\/9524"}],"collection":[{"href":"https:\/\/www.sams-industrie.fr\/en\/wp-json\/wp\/v2\/product"}],"about":[{"href":"https:\/\/www.sams-industrie.fr\/en\/wp-json\/wp\/v2\/types\/product"}],"replies":[{"embeddable":true,"href":"https:\/\/www.sams-industrie.fr\/en\/wp-json\/wp\/v2\/comments?post=9524"}],"wp:featuredmedia":[{"embeddable":true,"href":"https:\/\/www.sams-industrie.fr\/en\/wp-json\/wp\/v2\/media\/11402"}],"wp:attachment":[{"href":"https:\/\/www.sams-industrie.fr\/en\/wp-json\/wp\/v2\/media?parent=9524"}],"curies":[{"name":"wp","href":"https:\/\/api.w.org\/{rel}","templated":true}]}}