{"id":9523,"date":"2025-02-05T09:44:19","date_gmt":"2025-02-05T08:44:19","guid":{"rendered":"https:\/\/www.sams-industrie.fr\/product\/taquet-central-monte-reference-equerrage\/"},"modified":"2025-02-19T11:46:15","modified_gmt":"2025-02-19T10:46:15","slug":"taquet-central-monte-reference-equerrage","status":"publish","type":"product","link":"https:\/\/www.sams-industrie.fr\/en\/product\/taquet-central-monte-reference-equerrage\/","title":{"rendered":"Center cleat mounted<br> Reference SWA-126-018"},"content":{"rendered":"","protected":false},"excerpt":{"rendered":"<p>RAPIDEX RAPIDLINE 22<br \/> R\u00e9f\u00e9rence constructeur : SWA-126-018<br \/> R\u00e9f\u00e9rences \u00e9quivalentes : SWA126018 \/ SWA126018 \/ SWA126018<\/p>","protected":false},"featured_media":0,"comment_status":"open","ping_status":"closed","template":"","meta":[],"_links":{"self":[{"href":"https:\/\/www.sams-industrie.fr\/en\/wp-json\/wp\/v2\/product\/9523"}],"collection":[{"href":"https:\/\/www.sams-industrie.fr\/en\/wp-json\/wp\/v2\/product"}],"about":[{"href":"https:\/\/www.sams-industrie.fr\/en\/wp-json\/wp\/v2\/types\/product"}],"replies":[{"embeddable":true,"href":"https:\/\/www.sams-industrie.fr\/en\/wp-json\/wp\/v2\/comments?post=9523"}],"wp:attachment":[{"href":"https:\/\/www.sams-industrie.fr\/en\/wp-json\/wp\/v2\/media?parent=9523"}],"curies":[{"name":"wp","href":"https:\/\/api.w.org\/{rel}","templated":true}]}}