{"id":9522,"date":"2025-02-05T09:44:19","date_gmt":"2025-02-05T08:44:19","guid":{"rendered":"https:\/\/www.sams-industrie.fr\/product\/taquet-central-reference-equerrage-2\/"},"modified":"2025-07-03T15:13:07","modified_gmt":"2025-07-03T13:13:07","slug":"taquet-central-reference-equerrage-2","status":"publish","type":"product","link":"https:\/\/www.sams-industrie.fr\/en\/product\/taquet-central-reference-equerrage-2\/","title":{"rendered":"Central cleat<br> Reference WA-126-018"},"content":{"rendered":"","protected":false},"excerpt":{"rendered":"<p>RAPIDEX RAPIDLINE 22<br \/>\nR\u00e9f\u00e9rence constructeur : WA-126-018<br \/>\nR\u00e9f\u00e9rences \u00e9quivalentes : WA126018 \/ MWA126018 \/ RAPWA126018<\/p>","protected":false},"featured_media":11401,"comment_status":"open","ping_status":"closed","template":"","meta":[],"_links":{"self":[{"href":"https:\/\/www.sams-industrie.fr\/en\/wp-json\/wp\/v2\/product\/9522"}],"collection":[{"href":"https:\/\/www.sams-industrie.fr\/en\/wp-json\/wp\/v2\/product"}],"about":[{"href":"https:\/\/www.sams-industrie.fr\/en\/wp-json\/wp\/v2\/types\/product"}],"replies":[{"embeddable":true,"href":"https:\/\/www.sams-industrie.fr\/en\/wp-json\/wp\/v2\/comments?post=9522"}],"wp:featuredmedia":[{"embeddable":true,"href":"https:\/\/www.sams-industrie.fr\/en\/wp-json\/wp\/v2\/media\/11401"}],"wp:attachment":[{"href":"https:\/\/www.sams-industrie.fr\/en\/wp-json\/wp\/v2\/media?parent=9522"}],"curies":[{"name":"wp","href":"https:\/\/api.w.org\/{rel}","templated":true}]}}