{"id":9521,"date":"2025-02-05T09:44:18","date_gmt":"2025-02-05T08:44:18","guid":{"rendered":"https:\/\/www.sams-industrie.fr\/product\/pignon-creux-reference-equerrage\/"},"modified":"2025-02-19T11:46:14","modified_gmt":"2025-02-19T10:46:14","slug":"pignon-creux-reference-equerrage","status":"publish","type":"product","link":"https:\/\/www.sams-industrie.fr\/en\/product\/pignon-creux-reference-equerrage\/","title":{"rendered":"Hollow pinion<br> Reference BCA-1304-022"},"content":{"rendered":"","protected":false},"excerpt":{"rendered":"<p>RAPIDEX RAPIDLINE 22<br \/> R\u00e9f\u00e9rence constructeur : BCA-1304-022<br \/> R\u00e9f\u00e9rences \u00e9quivalentes : BCA1304022 \/ MBCA1304022 \/ RAPBCA1304022<\/p>","protected":false},"featured_media":0,"comment_status":"open","ping_status":"closed","template":"","meta":[],"_links":{"self":[{"href":"https:\/\/www.sams-industrie.fr\/en\/wp-json\/wp\/v2\/product\/9521"}],"collection":[{"href":"https:\/\/www.sams-industrie.fr\/en\/wp-json\/wp\/v2\/product"}],"about":[{"href":"https:\/\/www.sams-industrie.fr\/en\/wp-json\/wp\/v2\/types\/product"}],"replies":[{"embeddable":true,"href":"https:\/\/www.sams-industrie.fr\/en\/wp-json\/wp\/v2\/comments?post=9521"}],"wp:attachment":[{"href":"https:\/\/www.sams-industrie.fr\/en\/wp-json\/wp\/v2\/media?parent=9521"}],"curies":[{"name":"wp","href":"https:\/\/api.w.org\/{rel}","templated":true}]}}