{"id":9520,"date":"2025-02-05T09:44:16","date_gmt":"2025-02-05T08:44:16","guid":{"rendered":"https:\/\/www.sams-industrie.fr\/product\/pignon-cannele-reference-equerrage\/"},"modified":"2025-02-19T11:46:13","modified_gmt":"2025-02-19T10:46:13","slug":"pignon-cannele-reference-equerrage","status":"publish","type":"product","link":"https:\/\/www.sams-industrie.fr\/en\/product\/pignon-cannele-reference-equerrage\/","title":{"rendered":"Splined pinion<br> Reference BCA-1304-023 B"},"content":{"rendered":"","protected":false},"excerpt":{"rendered":"<p>RAPIDEX RAPIDLINE 22<br \/> R\u00e9f\u00e9rence constructeur : BCA-1304-023 B<br \/> R\u00e9f\u00e9rences \u00e9quivalentes : BCA1304023B \/ MBCA1304023B \/ RAPBCA1304023B<\/p>","protected":false},"featured_media":0,"comment_status":"open","ping_status":"closed","template":"","meta":[],"_links":{"self":[{"href":"https:\/\/www.sams-industrie.fr\/en\/wp-json\/wp\/v2\/product\/9520"}],"collection":[{"href":"https:\/\/www.sams-industrie.fr\/en\/wp-json\/wp\/v2\/product"}],"about":[{"href":"https:\/\/www.sams-industrie.fr\/en\/wp-json\/wp\/v2\/types\/product"}],"replies":[{"embeddable":true,"href":"https:\/\/www.sams-industrie.fr\/en\/wp-json\/wp\/v2\/comments?post=9520"}],"wp:attachment":[{"href":"https:\/\/www.sams-industrie.fr\/en\/wp-json\/wp\/v2\/media?parent=9520"}],"curies":[{"name":"wp","href":"https:\/\/api.w.org\/{rel}","templated":true}]}}