{"id":9519,"date":"2025-02-05T09:44:15","date_gmt":"2025-02-05T08:44:15","guid":{"rendered":"https:\/\/www.sams-industrie.fr\/product\/crabot-reference-equerrage\/"},"modified":"2025-02-19T11:46:13","modified_gmt":"2025-02-19T10:46:13","slug":"crabot-reference-equerrage","status":"publish","type":"product","link":"https:\/\/www.sams-industrie.fr\/en\/product\/crabot-reference-equerrage\/","title":{"rendered":"Dog<br> Reference BC-011-164"},"content":{"rendered":"","protected":false},"excerpt":{"rendered":"<p>RAPIDEX RAPIDLINE 22<br \/> R\u00e9f\u00e9rence constructeur : BC-011-164<br \/> R\u00e9f\u00e9rences \u00e9quivalentes : BC011164 \/ MBC011164 \/ RAPBC011164<\/p>","protected":false},"featured_media":0,"comment_status":"open","ping_status":"closed","template":"","meta":[],"_links":{"self":[{"href":"https:\/\/www.sams-industrie.fr\/en\/wp-json\/wp\/v2\/product\/9519"}],"collection":[{"href":"https:\/\/www.sams-industrie.fr\/en\/wp-json\/wp\/v2\/product"}],"about":[{"href":"https:\/\/www.sams-industrie.fr\/en\/wp-json\/wp\/v2\/types\/product"}],"replies":[{"embeddable":true,"href":"https:\/\/www.sams-industrie.fr\/en\/wp-json\/wp\/v2\/comments?post=9519"}],"wp:attachment":[{"href":"https:\/\/www.sams-industrie.fr\/en\/wp-json\/wp\/v2\/media?parent=9519"}],"curies":[{"name":"wp","href":"https:\/\/api.w.org\/{rel}","templated":true}]}}