{"id":9517,"date":"2025-02-05T09:44:14","date_gmt":"2025-02-05T08:44:14","guid":{"rendered":"https:\/\/www.sams-industrie.fr\/product\/arbre-moteur-reference-equerrage\/"},"modified":"2025-02-19T11:46:11","modified_gmt":"2025-02-19T10:46:11","slug":"arbre-moteur-reference-equerrage","status":"publish","type":"product","link":"https:\/\/www.sams-industrie.fr\/en\/product\/arbre-moteur-reference-equerrage\/","title":{"rendered":"Motor shaft<br> Reference WA-011-653"},"content":{"rendered":"","protected":false},"excerpt":{"rendered":"<p>RAPIDEX RAPIDLINE 22<br \/> R\u00e9f\u00e9rence constructeur : WA-011-653<br \/> R\u00e9f\u00e9rences \u00e9quivalentes : WA011653 \/ MWA011653 \/ RAPWA011653<\/p>","protected":false},"featured_media":0,"comment_status":"open","ping_status":"closed","template":"","meta":[],"_links":{"self":[{"href":"https:\/\/www.sams-industrie.fr\/en\/wp-json\/wp\/v2\/product\/9517"}],"collection":[{"href":"https:\/\/www.sams-industrie.fr\/en\/wp-json\/wp\/v2\/product"}],"about":[{"href":"https:\/\/www.sams-industrie.fr\/en\/wp-json\/wp\/v2\/types\/product"}],"replies":[{"embeddable":true,"href":"https:\/\/www.sams-industrie.fr\/en\/wp-json\/wp\/v2\/comments?post=9517"}],"wp:attachment":[{"href":"https:\/\/www.sams-industrie.fr\/en\/wp-json\/wp\/v2\/media?parent=9517"}],"curies":[{"name":"wp","href":"https:\/\/api.w.org\/{rel}","templated":true}]}}