{"id":9514,"date":"2025-02-05T09:44:12","date_gmt":"2025-02-05T08:44:12","guid":{"rendered":"https:\/\/www.sams-industrie.fr\/product\/entretoise-differentiel-reference-plieuse-2\/"},"modified":"2025-02-19T11:46:09","modified_gmt":"2025-02-19T10:46:09","slug":"entretoise-differentiel-reference-plieuse-2","status":"publish","type":"product","link":"https:\/\/www.sams-industrie.fr\/en\/product\/entretoise-differentiel-reference-plieuse-2\/","title":{"rendered":"Differential spacer<br> Reference BC-011-039"},"content":{"rendered":"","protected":false},"excerpt":{"rendered":"<p>RAPIDEX RAPIDLINE 22<br \/> R\u00e9f\u00e9rence constructeur : BC-011-039<br \/> R\u00e9f\u00e9rences \u00e9quivalentes : BC011039 \/ MBC011039 \/ RAPBC011039<\/p>","protected":false},"featured_media":0,"comment_status":"open","ping_status":"closed","template":"","meta":[],"_links":{"self":[{"href":"https:\/\/www.sams-industrie.fr\/en\/wp-json\/wp\/v2\/product\/9514"}],"collection":[{"href":"https:\/\/www.sams-industrie.fr\/en\/wp-json\/wp\/v2\/product"}],"about":[{"href":"https:\/\/www.sams-industrie.fr\/en\/wp-json\/wp\/v2\/types\/product"}],"replies":[{"embeddable":true,"href":"https:\/\/www.sams-industrie.fr\/en\/wp-json\/wp\/v2\/comments?post=9514"}],"wp:attachment":[{"href":"https:\/\/www.sams-industrie.fr\/en\/wp-json\/wp\/v2\/media?parent=9514"}],"curies":[{"name":"wp","href":"https:\/\/api.w.org\/{rel}","templated":true}]}}