{"id":9507,"date":"2025-02-05T09:44:07","date_gmt":"2025-02-05T08:44:07","guid":{"rendered":"https:\/\/www.sams-industrie.fr\/product\/vis-deplacement-colleuse-reference-plieuse\/"},"modified":"2025-02-19T11:46:03","modified_gmt":"2025-02-19T10:46:03","slug":"vis-deplacement-colleuse-reference-plieuse","status":"publish","type":"product","link":"https:\/\/www.sams-industrie.fr\/en\/product\/vis-deplacement-colleuse-reference-plieuse\/","title":{"rendered":"Screw moving gluer<br> Reference 805-010-001 LJ"},"content":{"rendered":"","protected":false},"excerpt":{"rendered":"<p>RAPIDEX RAPIDLINE 22<br \/> R\u00e9f\u00e9rence constructeur : 805-010-001 LJ<br \/> R\u00e9f\u00e9rences \u00e9quivalentes : 805010001LJ \/ M805010001LJ \/ RAP805010001LJ<\/p>","protected":false},"featured_media":0,"comment_status":"open","ping_status":"closed","template":"","meta":[],"_links":{"self":[{"href":"https:\/\/www.sams-industrie.fr\/en\/wp-json\/wp\/v2\/product\/9507"}],"collection":[{"href":"https:\/\/www.sams-industrie.fr\/en\/wp-json\/wp\/v2\/product"}],"about":[{"href":"https:\/\/www.sams-industrie.fr\/en\/wp-json\/wp\/v2\/types\/product"}],"replies":[{"embeddable":true,"href":"https:\/\/www.sams-industrie.fr\/en\/wp-json\/wp\/v2\/comments?post=9507"}],"wp:attachment":[{"href":"https:\/\/www.sams-industrie.fr\/en\/wp-json\/wp\/v2\/media?parent=9507"}],"curies":[{"name":"wp","href":"https:\/\/api.w.org\/{rel}","templated":true}]}}