{"id":9506,"date":"2025-02-05T09:44:07","date_gmt":"2025-02-05T08:44:07","guid":{"rendered":"https:\/\/www.sams-industrie.fr\/product\/pignon-transmission-resolver-reference-plieuse-2\/"},"modified":"2025-02-19T11:46:02","modified_gmt":"2025-02-19T10:46:02","slug":"pignon-transmission-resolver-reference-plieuse-2","status":"publish","type":"product","link":"https:\/\/www.sams-industrie.fr\/en\/product\/pignon-transmission-resolver-reference-plieuse-2\/","title":{"rendered":"Resolver transmission pinion<br> Reference 805-014-033"},"content":{"rendered":"","protected":false},"excerpt":{"rendered":"<p>RAPIDEX RAPIDLINE 22<br \/> R\u00e9f\u00e9rence constructeur : 805-014-033<br \/> R\u00e9f\u00e9rences \u00e9quivalentes : 805014033 \/ M805014033 \/ RAP805014033<\/p>","protected":false},"featured_media":0,"comment_status":"open","ping_status":"closed","template":"","meta":[],"_links":{"self":[{"href":"https:\/\/www.sams-industrie.fr\/en\/wp-json\/wp\/v2\/product\/9506"}],"collection":[{"href":"https:\/\/www.sams-industrie.fr\/en\/wp-json\/wp\/v2\/product"}],"about":[{"href":"https:\/\/www.sams-industrie.fr\/en\/wp-json\/wp\/v2\/types\/product"}],"replies":[{"embeddable":true,"href":"https:\/\/www.sams-industrie.fr\/en\/wp-json\/wp\/v2\/comments?post=9506"}],"wp:attachment":[{"href":"https:\/\/www.sams-industrie.fr\/en\/wp-json\/wp\/v2\/media?parent=9506"}],"curies":[{"name":"wp","href":"https:\/\/api.w.org\/{rel}","templated":true}]}}