{"id":9504,"date":"2025-02-05T09:44:05","date_gmt":"2025-02-05T08:44:05","guid":{"rendered":"https:\/\/www.sams-industrie.fr\/product\/clavette-reference-plieuse-2\/"},"modified":"2025-02-19T11:46:00","modified_gmt":"2025-02-19T10:46:00","slug":"clavette-reference-plieuse-2","status":"publish","type":"product","link":"https:\/\/www.sams-industrie.fr\/en\/product\/clavette-reference-plieuse-2\/","title":{"rendered":"Key<br> Reference 800-014-023"},"content":{"rendered":"","protected":false},"excerpt":{"rendered":"<p>RAPIDEX RAPIDLINE 22<br \/> R\u00e9f\u00e9rence constructeur : 800-014-023<br \/> R\u00e9f\u00e9rences \u00e9quivalentes : 800014023 \/ M800014023 \/ RAP800014023<\/p>","protected":false},"featured_media":0,"comment_status":"open","ping_status":"closed","template":"","meta":[],"_links":{"self":[{"href":"https:\/\/www.sams-industrie.fr\/en\/wp-json\/wp\/v2\/product\/9504"}],"collection":[{"href":"https:\/\/www.sams-industrie.fr\/en\/wp-json\/wp\/v2\/product"}],"about":[{"href":"https:\/\/www.sams-industrie.fr\/en\/wp-json\/wp\/v2\/types\/product"}],"replies":[{"embeddable":true,"href":"https:\/\/www.sams-industrie.fr\/en\/wp-json\/wp\/v2\/comments?post=9504"}],"wp:attachment":[{"href":"https:\/\/www.sams-industrie.fr\/en\/wp-json\/wp\/v2\/media?parent=9504"}],"curies":[{"name":"wp","href":"https:\/\/api.w.org\/{rel}","templated":true}]}}