{"id":9499,"date":"2025-02-05T09:44:03","date_gmt":"2025-02-05T08:44:03","guid":{"rendered":"https:\/\/www.sams-industrie.fr\/product\/arbre-poulie-de-sortie-reference-plieuse\/"},"modified":"2025-04-22T16:07:45","modified_gmt":"2025-04-22T14:07:45","slug":"arbre-poulie-de-sortie-reference-plieuse","status":"publish","type":"product","link":"https:\/\/www.sams-industrie.fr\/en\/product\/arbre-poulie-de-sortie-reference-plieuse\/","title":{"rendered":"Output pulley shaft<br> Reference 805-006-041"},"content":{"rendered":"","protected":false},"excerpt":{"rendered":"<p>RAPIDEX, SIMCA RAPIDLINE 22 \u2013 SIMCA<br \/>\nR\u00e9f\u00e9rence constructeur : 805-006-041<br \/>\nR\u00e9f\u00e9rences \u00e9quivalentes : 805006041 \/ M805006041 \/ RAP805006041<\/p>","protected":false},"featured_media":11361,"comment_status":"open","ping_status":"closed","template":"","meta":[],"_links":{"self":[{"href":"https:\/\/www.sams-industrie.fr\/en\/wp-json\/wp\/v2\/product\/9499"}],"collection":[{"href":"https:\/\/www.sams-industrie.fr\/en\/wp-json\/wp\/v2\/product"}],"about":[{"href":"https:\/\/www.sams-industrie.fr\/en\/wp-json\/wp\/v2\/types\/product"}],"replies":[{"embeddable":true,"href":"https:\/\/www.sams-industrie.fr\/en\/wp-json\/wp\/v2\/comments?post=9499"}],"wp:featuredmedia":[{"embeddable":true,"href":"https:\/\/www.sams-industrie.fr\/en\/wp-json\/wp\/v2\/media\/11361"}],"wp:attachment":[{"href":"https:\/\/www.sams-industrie.fr\/en\/wp-json\/wp\/v2\/media?parent=9499"}],"curies":[{"name":"wp","href":"https:\/\/api.w.org\/{rel}","templated":true}]}}