{"id":9498,"date":"2025-02-05T09:44:02","date_gmt":"2025-02-05T08:44:02","guid":{"rendered":"https:\/\/www.sams-industrie.fr\/product\/poulie-de-sortie-reference-plieuse\/"},"modified":"2025-02-19T11:45:56","modified_gmt":"2025-02-19T10:45:56","slug":"poulie-de-sortie-reference-plieuse","status":"publish","type":"product","link":"https:\/\/www.sams-industrie.fr\/en\/product\/poulie-de-sortie-reference-plieuse\/","title":{"rendered":"Output pulley<br> Reference 805-006-033"},"content":{"rendered":"","protected":false},"excerpt":{"rendered":"<p>RAPIDEX, SIMCA RAPIDLINE 22 \u2013 SIMCA<br \/> R\u00e9f\u00e9rence constructeur : 805-006-033<br \/> R\u00e9f\u00e9rences \u00e9quivalentes : 805006033 \/ M805006033 \/ RAP805006033<\/p>","protected":false},"featured_media":0,"comment_status":"open","ping_status":"closed","template":"","meta":[],"_links":{"self":[{"href":"https:\/\/www.sams-industrie.fr\/en\/wp-json\/wp\/v2\/product\/9498"}],"collection":[{"href":"https:\/\/www.sams-industrie.fr\/en\/wp-json\/wp\/v2\/product"}],"about":[{"href":"https:\/\/www.sams-industrie.fr\/en\/wp-json\/wp\/v2\/types\/product"}],"replies":[{"embeddable":true,"href":"https:\/\/www.sams-industrie.fr\/en\/wp-json\/wp\/v2\/comments?post=9498"}],"wp:attachment":[{"href":"https:\/\/www.sams-industrie.fr\/en\/wp-json\/wp\/v2\/media?parent=9498"}],"curies":[{"name":"wp","href":"https:\/\/api.w.org\/{rel}","templated":true}]}}