{"id":9497,"date":"2025-02-05T09:44:02","date_gmt":"2025-02-05T08:44:02","guid":{"rendered":"https:\/\/www.sams-industrie.fr\/product\/galet-superieur-reference-plieuse\/"},"modified":"2025-02-19T11:45:55","modified_gmt":"2025-02-19T10:45:55","slug":"galet-superieur-reference-plieuse","status":"publish","type":"product","link":"https:\/\/www.sams-industrie.fr\/en\/product\/galet-superieur-reference-plieuse\/","title":{"rendered":"Upper roller<br> Reference 805-005-025"},"content":{"rendered":"","protected":false},"excerpt":{"rendered":"<p>RAPIDEX RAPIDLINE 22<br \/> R\u00e9f\u00e9rence constructeur : 805-005-025<br \/> R\u00e9f\u00e9rences \u00e9quivalentes : 805005025 \/ M805005025 \/ RAP805005025<\/p>","protected":false},"featured_media":0,"comment_status":"open","ping_status":"closed","template":"","meta":[],"_links":{"self":[{"href":"https:\/\/www.sams-industrie.fr\/en\/wp-json\/wp\/v2\/product\/9497"}],"collection":[{"href":"https:\/\/www.sams-industrie.fr\/en\/wp-json\/wp\/v2\/product"}],"about":[{"href":"https:\/\/www.sams-industrie.fr\/en\/wp-json\/wp\/v2\/types\/product"}],"replies":[{"embeddable":true,"href":"https:\/\/www.sams-industrie.fr\/en\/wp-json\/wp\/v2\/comments?post=9497"}],"wp:attachment":[{"href":"https:\/\/www.sams-industrie.fr\/en\/wp-json\/wp\/v2\/media?parent=9497"}],"curies":[{"name":"wp","href":"https:\/\/api.w.org\/{rel}","templated":true}]}}