{"id":9493,"date":"2025-02-05T09:43:59","date_gmt":"2025-02-05T08:43:59","guid":{"rendered":"https:\/\/www.sams-industrie.fr\/product\/galet-fou-reference-plieuse\/"},"modified":"2025-02-19T11:45:51","modified_gmt":"2025-02-19T10:45:51","slug":"galet-fou-reference-plieuse","status":"publish","type":"product","link":"https:\/\/www.sams-industrie.fr\/en\/product\/galet-fou-reference-plieuse\/","title":{"rendered":"Crazy pebble<br> Reference 805-005-015"},"content":{"rendered":"","protected":false},"excerpt":{"rendered":"<p>RAPIDEX RAPIDLINE 22<br \/> R\u00e9f\u00e9rence constructeur : 805-005-015<br \/> R\u00e9f\u00e9rences \u00e9quivalentes : 805005015 \/ M805005015 \/ RAP805005015<\/p>","protected":false},"featured_media":0,"comment_status":"open","ping_status":"closed","template":"","meta":[],"_links":{"self":[{"href":"https:\/\/www.sams-industrie.fr\/en\/wp-json\/wp\/v2\/product\/9493"}],"collection":[{"href":"https:\/\/www.sams-industrie.fr\/en\/wp-json\/wp\/v2\/product"}],"about":[{"href":"https:\/\/www.sams-industrie.fr\/en\/wp-json\/wp\/v2\/types\/product"}],"replies":[{"embeddable":true,"href":"https:\/\/www.sams-industrie.fr\/en\/wp-json\/wp\/v2\/comments?post=9493"}],"wp:attachment":[{"href":"https:\/\/www.sams-industrie.fr\/en\/wp-json\/wp\/v2\/media?parent=9493"}],"curies":[{"name":"wp","href":"https:\/\/api.w.org\/{rel}","templated":true}]}}