{"id":9492,"date":"2025-02-05T09:43:59","date_gmt":"2025-02-05T08:43:59","guid":{"rendered":"https:\/\/www.sams-industrie.fr\/product\/feuillard-reference-plieuse\/"},"modified":"2025-02-19T11:45:51","modified_gmt":"2025-02-19T10:45:51","slug":"feuillard-reference-plieuse","status":"publish","type":"product","link":"https:\/\/www.sams-industrie.fr\/en\/product\/feuillard-reference-plieuse\/","title":{"rendered":"Strapping<br> Reference 805-005-041"},"content":{"rendered":"","protected":false},"excerpt":{"rendered":"<p>RAPIDEX RAPIDLINE 22<br \/> R\u00e9f\u00e9rence constructeur : 805-005-041<br \/> R\u00e9f\u00e9rences \u00e9quivalentes : 805005041 \/ M805005041 \/ RAP805005041<\/p>","protected":false},"featured_media":0,"comment_status":"open","ping_status":"closed","template":"","meta":[],"_links":{"self":[{"href":"https:\/\/www.sams-industrie.fr\/en\/wp-json\/wp\/v2\/product\/9492"}],"collection":[{"href":"https:\/\/www.sams-industrie.fr\/en\/wp-json\/wp\/v2\/product"}],"about":[{"href":"https:\/\/www.sams-industrie.fr\/en\/wp-json\/wp\/v2\/types\/product"}],"replies":[{"embeddable":true,"href":"https:\/\/www.sams-industrie.fr\/en\/wp-json\/wp\/v2\/comments?post=9492"}],"wp:attachment":[{"href":"https:\/\/www.sams-industrie.fr\/en\/wp-json\/wp\/v2\/media?parent=9492"}],"curies":[{"name":"wp","href":"https:\/\/api.w.org\/{rel}","templated":true}]}}