{"id":9491,"date":"2025-02-05T09:43:58","date_gmt":"2025-02-05T08:43:58","guid":{"rendered":"https:\/\/www.sams-industrie.fr\/product\/ecrou-de-deplacement-reference-plieuse\/"},"modified":"2025-07-03T15:10:16","modified_gmt":"2025-07-03T13:10:16","slug":"ecrou-de-deplacement-reference-plieuse","status":"publish","type":"product","link":"https:\/\/www.sams-industrie.fr\/en\/product\/ecrou-de-deplacement-reference-plieuse\/","title":{"rendered":"Displacement nut<br> Reference 805-007-021"},"content":{"rendered":"","protected":false},"excerpt":{"rendered":"<p>RAPIDEX RAPIDLINE 22<br \/>\nR\u00e9f\u00e9rence constructeur : 805-007-021<br \/>\nR\u00e9f\u00e9rences \u00e9quivalentes : 805007021 \/ M805007021 \/ RAP805007021<\/p>","protected":false},"featured_media":11397,"comment_status":"open","ping_status":"closed","template":"","meta":[],"_links":{"self":[{"href":"https:\/\/www.sams-industrie.fr\/en\/wp-json\/wp\/v2\/product\/9491"}],"collection":[{"href":"https:\/\/www.sams-industrie.fr\/en\/wp-json\/wp\/v2\/product"}],"about":[{"href":"https:\/\/www.sams-industrie.fr\/en\/wp-json\/wp\/v2\/types\/product"}],"replies":[{"embeddable":true,"href":"https:\/\/www.sams-industrie.fr\/en\/wp-json\/wp\/v2\/comments?post=9491"}],"wp:featuredmedia":[{"embeddable":true,"href":"https:\/\/www.sams-industrie.fr\/en\/wp-json\/wp\/v2\/media\/11397"}],"wp:attachment":[{"href":"https:\/\/www.sams-industrie.fr\/en\/wp-json\/wp\/v2\/media?parent=9491"}],"curies":[{"name":"wp","href":"https:\/\/api.w.org\/{rel}","templated":true}]}}