{"id":9490,"date":"2025-02-05T09:43:55","date_gmt":"2025-02-05T08:43:55","guid":{"rendered":"https:\/\/www.sams-industrie.fr\/product\/vis-de-deplacement-reference-plieuse-2\/"},"modified":"2025-02-19T11:45:49","modified_gmt":"2025-02-19T10:45:49","slug":"vis-de-deplacement-reference-plieuse-2","status":"publish","type":"product","link":"https:\/\/www.sams-industrie.fr\/en\/product\/vis-de-deplacement-reference-plieuse-2\/","title":{"rendered":"Travel screw<br> Reference 805-007-011 LJ"},"content":{"rendered":"","protected":false},"excerpt":{"rendered":"<p>RAPIDEX RAPIDLINE 22<br \/> R\u00e9f\u00e9rence constructeur : 805-007-011 LJ<br \/> R\u00e9f\u00e9rences \u00e9quivalentes : 805007011LJ \/ M805007011LJ \/ RAP805007011LJ<\/p>","protected":false},"featured_media":0,"comment_status":"open","ping_status":"closed","template":"","meta":[],"_links":{"self":[{"href":"https:\/\/www.sams-industrie.fr\/en\/wp-json\/wp\/v2\/product\/9490"}],"collection":[{"href":"https:\/\/www.sams-industrie.fr\/en\/wp-json\/wp\/v2\/product"}],"about":[{"href":"https:\/\/www.sams-industrie.fr\/en\/wp-json\/wp\/v2\/types\/product"}],"replies":[{"embeddable":true,"href":"https:\/\/www.sams-industrie.fr\/en\/wp-json\/wp\/v2\/comments?post=9490"}],"wp:attachment":[{"href":"https:\/\/www.sams-industrie.fr\/en\/wp-json\/wp\/v2\/media?parent=9490"}],"curies":[{"name":"wp","href":"https:\/\/api.w.org\/{rel}","templated":true}]}}