{"id":9489,"date":"2025-02-05T09:43:55","date_gmt":"2025-02-05T08:43:55","guid":{"rendered":"https:\/\/www.sams-industrie.fr\/product\/vis-de-deplacement-reference-plieuse\/"},"modified":"2025-07-03T15:08:54","modified_gmt":"2025-07-03T13:08:54","slug":"vis-de-deplacement-reference-plieuse","status":"publish","type":"product","link":"https:\/\/www.sams-industrie.fr\/en\/product\/vis-de-deplacement-reference-plieuse\/","title":{"rendered":"Travel screw<br> Reference 805-007-010 LJ"},"content":{"rendered":"","protected":false},"excerpt":{"rendered":"<p>RAPIDEX RAPIDLINE 22<br \/>\nR\u00e9f\u00e9rence constructeur : 805-007-010 LJ<br \/>\nR\u00e9f\u00e9rences \u00e9quivalentes : 805007010LJ \/ M805007010LJ \/ RAP805007010LJ<\/p>","protected":false},"featured_media":11396,"comment_status":"open","ping_status":"closed","template":"","meta":[],"_links":{"self":[{"href":"https:\/\/www.sams-industrie.fr\/en\/wp-json\/wp\/v2\/product\/9489"}],"collection":[{"href":"https:\/\/www.sams-industrie.fr\/en\/wp-json\/wp\/v2\/product"}],"about":[{"href":"https:\/\/www.sams-industrie.fr\/en\/wp-json\/wp\/v2\/types\/product"}],"replies":[{"embeddable":true,"href":"https:\/\/www.sams-industrie.fr\/en\/wp-json\/wp\/v2\/comments?post=9489"}],"wp:featuredmedia":[{"embeddable":true,"href":"https:\/\/www.sams-industrie.fr\/en\/wp-json\/wp\/v2\/media\/11396"}],"wp:attachment":[{"href":"https:\/\/www.sams-industrie.fr\/en\/wp-json\/wp\/v2\/media?parent=9489"}],"curies":[{"name":"wp","href":"https:\/\/api.w.org\/{rel}","templated":true}]}}