{"id":9488,"date":"2025-02-05T09:43:54","date_gmt":"2025-02-05T08:43:54","guid":{"rendered":"https:\/\/www.sams-industrie.fr\/product\/bride-de-transmission-reference-plieuse-2\/"},"modified":"2025-02-19T11:45:48","modified_gmt":"2025-02-19T10:45:48","slug":"bride-de-transmission-reference-plieuse-2","status":"publish","type":"product","link":"https:\/\/www.sams-industrie.fr\/en\/product\/bride-de-transmission-reference-plieuse-2\/","title":{"rendered":"Transmission flange<br> Reference BC-011-084"},"content":{"rendered":"","protected":false},"excerpt":{"rendered":"<p>RAPIDEX RAPIDLINE 22<br \/> R\u00e9f\u00e9rence constructeur : BC-011-084<br \/> R\u00e9f\u00e9rences \u00e9quivalentes : BC011084 \/ MBC011084 \/ RAPBC011084<\/p>","protected":false},"featured_media":0,"comment_status":"open","ping_status":"closed","template":"","meta":[],"_links":{"self":[{"href":"https:\/\/www.sams-industrie.fr\/en\/wp-json\/wp\/v2\/product\/9488"}],"collection":[{"href":"https:\/\/www.sams-industrie.fr\/en\/wp-json\/wp\/v2\/product"}],"about":[{"href":"https:\/\/www.sams-industrie.fr\/en\/wp-json\/wp\/v2\/types\/product"}],"replies":[{"embeddable":true,"href":"https:\/\/www.sams-industrie.fr\/en\/wp-json\/wp\/v2\/comments?post=9488"}],"wp:attachment":[{"href":"https:\/\/www.sams-industrie.fr\/en\/wp-json\/wp\/v2\/media?parent=9488"}],"curies":[{"name":"wp","href":"https:\/\/api.w.org\/{rel}","templated":true}]}}