{"id":9487,"date":"2025-02-05T09:43:54","date_gmt":"2025-02-05T08:43:54","guid":{"rendered":"https:\/\/www.sams-industrie.fr\/product\/bride-de-transmission-reference-plieuse\/"},"modified":"2025-02-19T11:45:47","modified_gmt":"2025-02-19T10:45:47","slug":"bride-de-transmission-reference-plieuse","status":"publish","type":"product","link":"https:\/\/www.sams-industrie.fr\/en\/product\/bride-de-transmission-reference-plieuse\/","title":{"rendered":"Transmission flange<br> Reference 805-013-003"},"content":{"rendered":"","protected":false},"excerpt":{"rendered":"<p>RAPIDEX RAPIDLINE 22<br \/> R\u00e9f\u00e9rence constructeur : 805-013-003<br \/> R\u00e9f\u00e9rences \u00e9quivalentes : 805013003 \/ M805013003 \/ RAP805013003<\/p>","protected":false},"featured_media":0,"comment_status":"open","ping_status":"closed","template":"","meta":[],"_links":{"self":[{"href":"https:\/\/www.sams-industrie.fr\/en\/wp-json\/wp\/v2\/product\/9487"}],"collection":[{"href":"https:\/\/www.sams-industrie.fr\/en\/wp-json\/wp\/v2\/product"}],"about":[{"href":"https:\/\/www.sams-industrie.fr\/en\/wp-json\/wp\/v2\/types\/product"}],"replies":[{"embeddable":true,"href":"https:\/\/www.sams-industrie.fr\/en\/wp-json\/wp\/v2\/comments?post=9487"}],"wp:attachment":[{"href":"https:\/\/www.sams-industrie.fr\/en\/wp-json\/wp\/v2\/media?parent=9487"}],"curies":[{"name":"wp","href":"https:\/\/api.w.org\/{rel}","templated":true}]}}