{"id":9486,"date":"2025-02-05T09:43:53","date_gmt":"2025-02-05T08:43:53","guid":{"rendered":"https:\/\/www.sams-industrie.fr\/product\/arbre-moteur-reference-plieuse\/"},"modified":"2025-02-19T11:45:46","modified_gmt":"2025-02-19T10:45:46","slug":"arbre-moteur-reference-plieuse","status":"publish","type":"product","link":"https:\/\/www.sams-industrie.fr\/en\/product\/arbre-moteur-reference-plieuse\/","title":{"rendered":"Motor shaft<br> Reference 805-013-001"},"content":{"rendered":"","protected":false},"excerpt":{"rendered":"<p>RAPIDEX RAPIDLINE 22<br \/> R\u00e9f\u00e9rence constructeur : 805-013-001<br \/> R\u00e9f\u00e9rences \u00e9quivalentes : 805013001 \/ M805013001 \/ RAP805013001<\/p>","protected":false},"featured_media":0,"comment_status":"open","ping_status":"closed","template":"","meta":[],"_links":{"self":[{"href":"https:\/\/www.sams-industrie.fr\/en\/wp-json\/wp\/v2\/product\/9486"}],"collection":[{"href":"https:\/\/www.sams-industrie.fr\/en\/wp-json\/wp\/v2\/product"}],"about":[{"href":"https:\/\/www.sams-industrie.fr\/en\/wp-json\/wp\/v2\/types\/product"}],"replies":[{"embeddable":true,"href":"https:\/\/www.sams-industrie.fr\/en\/wp-json\/wp\/v2\/comments?post=9486"}],"wp:attachment":[{"href":"https:\/\/www.sams-industrie.fr\/en\/wp-json\/wp\/v2\/media?parent=9486"}],"curies":[{"name":"wp","href":"https:\/\/api.w.org\/{rel}","templated":true}]}}