{"id":9483,"date":"2025-02-05T09:43:52","date_gmt":"2025-02-05T08:43:52","guid":{"rendered":"https:\/\/www.sams-industrie.fr\/product\/ressort-traction-reference-plieuse\/"},"modified":"2025-02-19T11:45:43","modified_gmt":"2025-02-19T10:45:43","slug":"ressort-traction-reference-plieuse","status":"publish","type":"product","link":"https:\/\/www.sams-industrie.fr\/en\/product\/ressort-traction-reference-plieuse\/","title":{"rendered":"Traction spring<br> Reference 805-006-018"},"content":{"rendered":"","protected":false},"excerpt":{"rendered":"<p>RAPIDEX RAPIDLINE 22<br \/> R\u00e9f\u00e9rence constructeur : 805-006-018<br \/> R\u00e9f\u00e9rences \u00e9quivalentes : 805006018 \/ M805006018 \/ RAP805006018<\/p>","protected":false},"featured_media":0,"comment_status":"open","ping_status":"closed","template":"","meta":[],"_links":{"self":[{"href":"https:\/\/www.sams-industrie.fr\/en\/wp-json\/wp\/v2\/product\/9483"}],"collection":[{"href":"https:\/\/www.sams-industrie.fr\/en\/wp-json\/wp\/v2\/product"}],"about":[{"href":"https:\/\/www.sams-industrie.fr\/en\/wp-json\/wp\/v2\/types\/product"}],"replies":[{"embeddable":true,"href":"https:\/\/www.sams-industrie.fr\/en\/wp-json\/wp\/v2\/comments?post=9483"}],"wp:attachment":[{"href":"https:\/\/www.sams-industrie.fr\/en\/wp-json\/wp\/v2\/media?parent=9483"}],"curies":[{"name":"wp","href":"https:\/\/api.w.org\/{rel}","templated":true}]}}