{"id":9478,"date":"2025-02-05T09:43:49","date_gmt":"2025-02-05T08:43:49","guid":{"rendered":"https:\/\/www.sams-industrie.fr\/product\/poulie-cinematique-reference-plieuse\/"},"modified":"2025-02-19T11:45:40","modified_gmt":"2025-02-19T10:45:40","slug":"poulie-cinematique-reference-plieuse","status":"publish","type":"product","link":"https:\/\/www.sams-industrie.fr\/en\/product\/poulie-cinematique-reference-plieuse\/","title":{"rendered":"Kinematic pulley<br> Reference 805-014-018"},"content":{"rendered":"","protected":false},"excerpt":{"rendered":"<p>RAPIDEX RAPIDLINE 22<br \/> R\u00e9f\u00e9rence constructeur : 805-014-018<br \/> R\u00e9f\u00e9rences \u00e9quivalentes : 805014018 \/ M805014018 \/ RAP805014018<\/p>","protected":false},"featured_media":0,"comment_status":"open","ping_status":"closed","template":"","meta":[],"_links":{"self":[{"href":"https:\/\/www.sams-industrie.fr\/en\/wp-json\/wp\/v2\/product\/9478"}],"collection":[{"href":"https:\/\/www.sams-industrie.fr\/en\/wp-json\/wp\/v2\/product"}],"about":[{"href":"https:\/\/www.sams-industrie.fr\/en\/wp-json\/wp\/v2\/types\/product"}],"replies":[{"embeddable":true,"href":"https:\/\/www.sams-industrie.fr\/en\/wp-json\/wp\/v2\/comments?post=9478"}],"wp:attachment":[{"href":"https:\/\/www.sams-industrie.fr\/en\/wp-json\/wp\/v2\/media?parent=9478"}],"curies":[{"name":"wp","href":"https:\/\/api.w.org\/{rel}","templated":true}]}}