{"id":9475,"date":"2025-02-05T09:43:47","date_gmt":"2025-02-05T08:43:47","guid":{"rendered":"https:\/\/www.sams-industrie.fr\/product\/poulie-de-commande-reference-plieuse\/"},"modified":"2025-02-19T11:45:38","modified_gmt":"2025-02-19T10:45:38","slug":"poulie-de-commande-reference-plieuse","status":"publish","type":"product","link":"https:\/\/www.sams-industrie.fr\/en\/product\/poulie-de-commande-reference-plieuse\/","title":{"rendered":"Control pulley<br> Reference 805-014-025"},"content":{"rendered":"","protected":false},"excerpt":{"rendered":"<p>RAPIDEX RAPIDLINE 22<br \/> R\u00e9f\u00e9rence constructeur : 805-014-025<br \/> R\u00e9f\u00e9rences \u00e9quivalentes : 805014025 \/ M805014025 \/ RAP805014025<\/p>","protected":false},"featured_media":0,"comment_status":"open","ping_status":"closed","template":"","meta":[],"_links":{"self":[{"href":"https:\/\/www.sams-industrie.fr\/en\/wp-json\/wp\/v2\/product\/9475"}],"collection":[{"href":"https:\/\/www.sams-industrie.fr\/en\/wp-json\/wp\/v2\/product"}],"about":[{"href":"https:\/\/www.sams-industrie.fr\/en\/wp-json\/wp\/v2\/types\/product"}],"replies":[{"embeddable":true,"href":"https:\/\/www.sams-industrie.fr\/en\/wp-json\/wp\/v2\/comments?post=9475"}],"wp:attachment":[{"href":"https:\/\/www.sams-industrie.fr\/en\/wp-json\/wp\/v2\/media?parent=9475"}],"curies":[{"name":"wp","href":"https:\/\/api.w.org\/{rel}","templated":true}]}}