{"id":9471,"date":"2025-02-05T09:43:45","date_gmt":"2025-02-05T08:43:45","guid":{"rendered":"https:\/\/www.sams-industrie.fr\/product\/chape-de-verin-reference-plieuse\/"},"modified":"2025-02-19T11:45:35","modified_gmt":"2025-02-19T10:45:35","slug":"chape-de-verin-reference-plieuse","status":"publish","type":"product","link":"https:\/\/www.sams-industrie.fr\/en\/product\/chape-de-verin-reference-plieuse\/","title":{"rendered":"Jack clevis<br> Reference 805-012-008"},"content":{"rendered":"","protected":false},"excerpt":{"rendered":"<p>RAPIDEX RAPIDLINE 22<br \/> R\u00e9f\u00e9rence constructeur : 805-012-008<br \/> R\u00e9f\u00e9rences \u00e9quivalentes : 805012008 \/ M805012008 \/ RAP805012008<\/p>","protected":false},"featured_media":0,"comment_status":"open","ping_status":"closed","template":"","meta":[],"_links":{"self":[{"href":"https:\/\/www.sams-industrie.fr\/en\/wp-json\/wp\/v2\/product\/9471"}],"collection":[{"href":"https:\/\/www.sams-industrie.fr\/en\/wp-json\/wp\/v2\/product"}],"about":[{"href":"https:\/\/www.sams-industrie.fr\/en\/wp-json\/wp\/v2\/types\/product"}],"replies":[{"embeddable":true,"href":"https:\/\/www.sams-industrie.fr\/en\/wp-json\/wp\/v2\/comments?post=9471"}],"wp:attachment":[{"href":"https:\/\/www.sams-industrie.fr\/en\/wp-json\/wp\/v2\/media?parent=9471"}],"curies":[{"name":"wp","href":"https:\/\/api.w.org\/{rel}","templated":true}]}}