{"id":9470,"date":"2025-02-05T09:43:44","date_gmt":"2025-02-05T08:43:44","guid":{"rendered":"https:\/\/www.sams-industrie.fr\/product\/axe-levier-de-sortie-reference-plieuse\/"},"modified":"2025-04-22T16:05:24","modified_gmt":"2025-04-22T14:05:24","slug":"axe-levier-de-sortie-reference-plieuse","status":"publish","type":"product","link":"https:\/\/www.sams-industrie.fr\/en\/product\/axe-levier-de-sortie-reference-plieuse\/","title":{"rendered":"Output lever axis<br> Reference 805-006-036"},"content":{"rendered":"","protected":false},"excerpt":{"rendered":"<p>RAPIDEX RAPIDLINE 22<br \/>\nR\u00e9f\u00e9rence constructeur : 805-006-036<br \/>\nR\u00e9f\u00e9rences \u00e9quivalentes : 805006036 \/ M805006036 \/ RAP805006036<\/p>","protected":false},"featured_media":11359,"comment_status":"open","ping_status":"closed","template":"","meta":[],"_links":{"self":[{"href":"https:\/\/www.sams-industrie.fr\/en\/wp-json\/wp\/v2\/product\/9470"}],"collection":[{"href":"https:\/\/www.sams-industrie.fr\/en\/wp-json\/wp\/v2\/product"}],"about":[{"href":"https:\/\/www.sams-industrie.fr\/en\/wp-json\/wp\/v2\/types\/product"}],"replies":[{"embeddable":true,"href":"https:\/\/www.sams-industrie.fr\/en\/wp-json\/wp\/v2\/comments?post=9470"}],"wp:featuredmedia":[{"embeddable":true,"href":"https:\/\/www.sams-industrie.fr\/en\/wp-json\/wp\/v2\/media\/11359"}],"wp:attachment":[{"href":"https:\/\/www.sams-industrie.fr\/en\/wp-json\/wp\/v2\/media?parent=9470"}],"curies":[{"name":"wp","href":"https:\/\/api.w.org\/{rel}","templated":true}]}}