{"id":9469,"date":"2025-02-05T09:43:44","date_gmt":"2025-02-05T08:43:44","guid":{"rendered":"https:\/\/www.sams-industrie.fr\/product\/rondelle-levier-de-sortie-reference-plieuse\/"},"modified":"2025-02-19T11:45:33","modified_gmt":"2025-02-19T10:45:33","slug":"rondelle-levier-de-sortie-reference-plieuse","status":"publish","type":"product","link":"https:\/\/www.sams-industrie.fr\/en\/product\/rondelle-levier-de-sortie-reference-plieuse\/","title":{"rendered":"Release lever washer<br> Reference 805-006-034"},"content":{"rendered":"","protected":false},"excerpt":{"rendered":"<p>RAPIDEX RAPIDLINE 22<br \/> R\u00e9f\u00e9rence constructeur : 805-006-034<br \/> R\u00e9f\u00e9rences \u00e9quivalentes : 805006034 \/ M805006034 \/ RAP805006034<\/p>","protected":false},"featured_media":0,"comment_status":"open","ping_status":"closed","template":"","meta":[],"_links":{"self":[{"href":"https:\/\/www.sams-industrie.fr\/en\/wp-json\/wp\/v2\/product\/9469"}],"collection":[{"href":"https:\/\/www.sams-industrie.fr\/en\/wp-json\/wp\/v2\/product"}],"about":[{"href":"https:\/\/www.sams-industrie.fr\/en\/wp-json\/wp\/v2\/types\/product"}],"replies":[{"embeddable":true,"href":"https:\/\/www.sams-industrie.fr\/en\/wp-json\/wp\/v2\/comments?post=9469"}],"wp:attachment":[{"href":"https:\/\/www.sams-industrie.fr\/en\/wp-json\/wp\/v2\/media?parent=9469"}],"curies":[{"name":"wp","href":"https:\/\/api.w.org\/{rel}","templated":true}]}}