{"id":9464,"date":"2025-02-05T09:43:41","date_gmt":"2025-02-05T08:43:41","guid":{"rendered":"https:\/\/www.sams-industrie.fr\/product\/plancher-gauche-reference-decoupeur\/"},"modified":"2025-02-19T11:45:30","modified_gmt":"2025-02-19T10:45:30","slug":"plancher-gauche-reference-decoupeur","status":"publish","type":"product","link":"https:\/\/www.sams-industrie.fr\/en\/product\/plancher-gauche-reference-decoupeur\/","title":{"rendered":"Left floor<br> Reference 800-423-005 LJ"},"content":{"rendered":"","protected":false},"excerpt":{"rendered":"<p>RAPIDEX RAPIDLINE 22<br \/> R\u00e9f\u00e9rence constructeur : 800-423-005 LJ<br \/> R\u00e9f\u00e9rences \u00e9quivalentes : 800423005LJ \/ M800423005LJ \/ RAP800423005LJ<\/p>","protected":false},"featured_media":0,"comment_status":"open","ping_status":"closed","template":"","meta":[],"_links":{"self":[{"href":"https:\/\/www.sams-industrie.fr\/en\/wp-json\/wp\/v2\/product\/9464"}],"collection":[{"href":"https:\/\/www.sams-industrie.fr\/en\/wp-json\/wp\/v2\/product"}],"about":[{"href":"https:\/\/www.sams-industrie.fr\/en\/wp-json\/wp\/v2\/types\/product"}],"replies":[{"embeddable":true,"href":"https:\/\/www.sams-industrie.fr\/en\/wp-json\/wp\/v2\/comments?post=9464"}],"wp:attachment":[{"href":"https:\/\/www.sams-industrie.fr\/en\/wp-json\/wp\/v2\/media?parent=9464"}],"curies":[{"name":"wp","href":"https:\/\/api.w.org\/{rel}","templated":true}]}}